{"id":106,"date":"2018-04-06T13:33:56","date_gmt":"2018-04-06T13:33:56","guid":{"rendered":"http:\/\/maesdomundo.pt\/mm\/?page_id=106"},"modified":"2026-04-21T09:19:39","modified_gmt":"2026-04-21T09:19:39","slug":"documentos","status":"publish","type":"page","link":"https:\/\/maesdomundo.pt\/mm\/documentos\/","title":{"rendered":"Documentos"},"content":{"rendered":"<table style=\"width:400px;\">\n<tr>\n<td style=\"border:none;>\n<p style=\"text-align: center;\"><a href=\"http:\/\/maesdomundo.pt\/mm\/wp-content\/uploads\/2018\/04\/Constitui\u00e7\u00e3o-de-Associa\u00e7\u00e3o.pdf\" target=\"_blank\" rel=\"noopener\">Estatutos de Associa\u00e7\u00e3o<\/a><\/p>\n<\/td>\n<td style=\"border:none;>\n<p style=\"text-align: center;\"><a href=\"http:\/\/maesdomundo.pt\/mm\/wp-content\/uploads\/2018\/04\/regulamento-interno.pdf\" target=\"_blank\" rel=\"noopener\">Regulamento Interno<\/a><\/p>\n<\/td>\n<\/tr>\n<\/table>\n<table style=\"width:400px;text-align:center;\">\n<tr>\n<th colspan=\"5\" style=\"border:none;\">Relat\u00f3rios de contas<\/th>\n<\/tr>\n<tr>\n<td style=\"border:none;\"><\/td>\n<td style=\"border:none;\"><\/td>\n<td style=\"border:none;\"><\/td>\n<td style=\"text-align:center;border:none;\">2026<\/td>\n<td style=\"text-align:center;border:none;\">2025<\/td>\n<\/tr>\n<tr>\n<td style=\"text-align:center;border:none;\"><a href=\"http:\/\/maesdomundo.pt\/mm\/wp-content\/uploads\/2026\/02\/RelC_2024.pdf\" target=\"_blank\" rel=\"noopener\">2024<\/a><\/td>\n<td style=\"text-align:center;border:none;\"><a href=\"http:\/\/maesdomundo.pt\/mm\/wp-content\/uploads\/2026\/02\/RelC_2023.pdf\" target=\"_blank\" rel=\"noopener\">2023<\/a><\/td>\n<td style=\"text-align:center;border:none;\"><a href=\"http:\/\/maesdomundo.pt\/mm\/wp-content\/uploads\/2026\/02\/Relat\u00f3rio-de-contas-2022.pdf\" target=\"_blank\" rel=\"noopener\">2022<\/a><\/td>\n<td style=\"text-align:center;border:none;\"><a href=\"http:\/\/maesdomundo.pt\/mm\/wp-content\/uploads\/2026\/04\/RelContas_2021.pdf\" target=\"_blank\" rel=\"noopener\">2021<\/td>\n<td style=\"text-align:center;border:none;\"><a href=\"http:\/\/maesdomundo.pt\/mm\/wp-content\/uploads\/2026\/02\/camoes-relatorio-contas-2020.pdf\" target=\"_blank\" rel=\"noopener\">2020<\/a><\/td>\n<\/tr>\n<tr>\n<td style=\"text-align:center;border:none;\"><a href=\"http:\/\/maesdomundo.pt\/mm\/wp-content\/uploads\/2020\/12\/2019.pdf\" target=\"_blank\" rel=\"noopener\">2019<\/a><\/td>\n<td style=\"text-align:center;border:none;\"><a href=\"http:\/\/maesdomundo.pt\/mm\/wp-content\/uploads\/2019\/10\/olga-1-15072019113601.pdf\" target=\"_blank\" rel=\"noopener\">2018<\/a><\/td>\n<td style=\"text-align:center;border:none;\"><a href=\"http:\/\/maesdomundo.pt\/mm\/wp-content\/uploads\/2019\/04\/DOC250219-25022019112220.pdf\" target=\"_blank\" rel=\"noopener\">2017<\/a><\/td>\n<td style=\"text-align:center;border:none;\"><a href=\"http:\/\/maesdomundo.pt\/mm\/wp-content\/uploads\/2018\/05\/maesdomundo2016.pdf\" target=\"_blank\" rel=\"noopener\">2016<\/a><\/td>\n<td style=\"text-align:center;border:none;\"><a href=\"http:\/\/maesdomundo.pt\/mm\/wp-content\/uploads\/2018\/05\/maesdomundo2015.pdf\" target=\"_blank\" rel=\"noopener\">2015<\/a><\/td>\n<\/tr>\n<\/table>\n","protected":false},"excerpt":{"rendered":"<p>Regulamento Interno Relat\u00f3rios de contas 2026 2025 2024 2023 2022 2021 2020 2019 2018 2017 2016 2015<\/p>\n","protected":false},"author":1,"featured_media":0,"parent":0,"menu_order":0,"comment_status":"closed","ping_status":"closed","template":"","meta":{"footnotes":""},"class_list":["post-106","page","type-page","status-publish","hentry"],"_links":{"self":[{"href":"https:\/\/maesdomundo.pt\/mm\/wp-json\/wp\/v2\/pages\/106","targetHints":{"allow":["GET"]}}],"collection":[{"href":"https:\/\/maesdomundo.pt\/mm\/wp-json\/wp\/v2\/pages"}],"about":[{"href":"https:\/\/maesdomundo.pt\/mm\/wp-json\/wp\/v2\/types\/page"}],"author":[{"embeddable":true,"href":"https:\/\/maesdomundo.pt\/mm\/wp-json\/wp\/v2\/users\/1"}],"replies":[{"embeddable":true,"href":"https:\/\/maesdomundo.pt\/mm\/wp-json\/wp\/v2\/comments?post=106"}],"version-history":[{"count":49,"href":"https:\/\/maesdomundo.pt\/mm\/wp-json\/wp\/v2\/pages\/106\/revisions"}],"predecessor-version":[{"id":341,"href":"https:\/\/maesdomundo.pt\/mm\/wp-json\/wp\/v2\/pages\/106\/revisions\/341"}],"wp:attachment":[{"href":"https:\/\/maesdomundo.pt\/mm\/wp-json\/wp\/v2\/media?parent=106"}],"curies":[{"name":"wp","href":"https:\/\/api.w.org\/{rel}","templated":true}]}}