{"id":120,"date":"2018-04-06T17:44:13","date_gmt":"2018-04-06T17:44:13","guid":{"rendered":"http:\/\/maesdomundo.pt\/mm\/?page_id=120"},"modified":"2022-10-25T13:06:27","modified_gmt":"2022-10-25T13:06:27","slug":"orgaos-sociais","status":"publish","type":"page","link":"https:\/\/maesdomundo.pt\/mm\/orgaos-sociais\/","title":{"rendered":"Org\u00e3os Sociais"},"content":{"rendered":"<p><img loading=\"lazy\" decoding=\"async\" class=\"alignnone size-full wp-image-175\" src=\"http:\/\/maesdomundo.pt\/mm\/wp-content\/uploads\/2018\/05\/Olga-Maria-Rola-Cardoso.png\" alt=\"\" width=\"195\" height=\"195\" \/><br \/>\nOlga Maria Rola Cardoso<br \/>\nPresidente da Direc\u00e7\u00e3o<\/p>\n<p style=\"text-align: justify;\">M\u00e9dica, licenciada em 1983, pela Universidade de Coimbra, tem a categoria de Assistente Graduada de Clinica Geral .<br \/>\nTem o Curso de p\u00f3s-gradua\u00e7\u00e3o de Avalia\u00e7\u00e3o do Dano Corporal, realizado no Instituto de Medicina Legal de Coimbra e o Curso de p\u00f3s-gradua\u00e7\u00e3o em Medicina do Trabalho, de Coimbra.<br \/>\nRecebeu diploma de Atualiza\u00e7\u00e3o e M\u00e9rito da APMCG no trienio 1999-2001.<br \/>\nTem v\u00e1rios trabalhos apresentados em Congressos.<br \/>\nCo- fundadora da ONGD M\u00e3es do Mundo-Associa\u00e7\u00e3o.<\/p>\n<p><img loading=\"lazy\" decoding=\"async\" class=\"alignnone size-full wp-image-254\" src=\"http:\/\/maesdomundo.pt\/mm\/wp-content\/uploads\/2018\/07\/Neuza.png\" alt=\"\" width=\"134\" height=\"201\" \/><br \/>\nNeuza Paiva Morgani\u00e7a<br \/>\nVice Presidente da Direc\u00e7\u00e3o<\/p>\n<p>Enfermeira exercendo fun\u00e7\u00f5es desde 2014.Dedica-se principalmente \u00e0 \u00e0rea pedag\u00f3gica,sendo formadora em v\u00e1rias \u00e1reas da sa\u00fade como nutri\u00e7\u00e3o e dietetica, primeiros socorros e preven\u00e7\u00e3o de acidentes.<\/p>\n<p><img loading=\"lazy\" decoding=\"async\" class=\"alignnone size-full wp-image-183\" src=\"http:\/\/maesdomundo.pt\/mm\/wp-content\/uploads\/2018\/05\/Cid\u00e1lia-Maria-Rola-Cardoso.png\" alt=\"\" width=\"195\" height=\"195\" srcset=\"https:\/\/maesdomundo.pt\/mm\/wp-content\/uploads\/2018\/05\/Cid\u00e1lia-Maria-Rola-Cardoso-150x150.png 150w, https:\/\/maesdomundo.pt\/mm\/wp-content\/uploads\/2018\/05\/Cid\u00e1lia-Maria-Rola-Cardoso-230x230.png 230w\" sizes=\"auto, (max-width: 195px) 100vw, 195px\" \/><br \/>\nCid\u00e1lia Maria Rola Cardoso<br \/>\nTesoureiro da Direc\u00e7\u00e3o<\/p>\n<p style=\"text-align: justify;\">Gestora de Empresa e T\u00e9cnica Oficial de Contas.<br \/>\nFormadora na \u00e1rea de Higiene e Seguran\u00e7a no Trabalho, Contabilidade, IRC, IRS, Fiscalidade, Gest\u00e3o Empresarial, Ci\u00eancias Inform\u00e1ticas, Gest\u00e3o Comercial e Log\u00edstica; Consultora Financeira da empresa Armindo Ruivo &amp; Filho, Lda.; Gerente da Empresa Dom Cavalo.<br \/>\nFoi Diretora Administrativa e Financeira da Empresa MONLIZ \u2013 Produtos Alimentares do Mondego e Liz, S.A. e respons\u00e1vel pelo Departamento de Controlo Or\u00e7amental da Empresa Qualiz, S.A. e da Empresa Ant\u00f3nio Henrique Serrano, S.A.<\/p>\n<p><img loading=\"lazy\" decoding=\"async\" class=\"alignnone size-medium wp-image-257\" src=\"http:\/\/maesdomundo.pt\/mm\/wp-content\/uploads\/2018\/07\/sitefotodorespresidentedoconsehofiscal-300x300.jpg\" alt=\"\" width=\"195\" height=\"195\" srcset=\"https:\/\/maesdomundo.pt\/mm\/wp-content\/uploads\/2018\/07\/sitefotodorespresidentedoconsehofiscal-300x300.jpg 300w, https:\/\/maesdomundo.pt\/mm\/wp-content\/uploads\/2018\/07\/sitefotodorespresidentedoconsehofiscal-150x150.jpg 150w, https:\/\/maesdomundo.pt\/mm\/wp-content\/uploads\/2018\/07\/sitefotodorespresidentedoconsehofiscal-230x230.jpg 230w, https:\/\/maesdomundo.pt\/mm\/wp-content\/uploads\/2018\/07\/sitefotodorespresidentedoconsehofiscal-365x365.jpg 365w, https:\/\/maesdomundo.pt\/mm\/wp-content\/uploads\/2018\/07\/sitefotodorespresidentedoconsehofiscal.jpg 598w\" sizes=\"auto, (max-width: 195px) 100vw, 195px\" \/><\/p>\n<p>Maria das Dores da Cruz Sim\u00f5es D\u00f3ria<br \/>\nPresidente do Conselho Fiscal<\/p>\n<p style=\"text-align: justify;\">Educadora de inf\u00e2ncia,licenciada em Administra\u00e7\u00e3o Escolar e Educacional, sendo Coordenadora do Departamento Pr\u00e9 Escolar no Agrupamento de Escolas Fernando Casimiro Pereira da Silva em Rio Maior.Nascida em S.Tom\u00e9 e Principe a 21\/3\/1965.Viveu 2 anos na Guin\u00e9-Bissau na zona de Bissor\u00e3, onde a ONGD M\u00e3es do Mundo est\u00e1 a prestar apoio humanit\u00e1rio.<\/p>\n<p><img loading=\"lazy\" decoding=\"async\" class=\"alignnone size-full wp-image-187\" src=\"http:\/\/maesdomundo.pt\/mm\/wp-content\/uploads\/2018\/05\/nopicpm.jpg\" alt=\"\" width=\"195\" height=\"195\" srcset=\"https:\/\/maesdomundo.pt\/mm\/wp-content\/uploads\/2018\/05\/nopicpm.jpg 195w, https:\/\/maesdomundo.pt\/mm\/wp-content\/uploads\/2018\/05\/nopicpm-150x150.jpg 150w\" sizes=\"auto, (max-width: 195px) 100vw, 195px\" \/><br \/>\nHugo Manuel Sim\u00f5es D\u00f3ria<br \/>\nSecret\u00e1rio do Conselho Fiscal<\/p>\n<p style=\"text-align: justify;\">Licenciado em Administra\u00e7\u00e3o P\u00fablica e a exercer a sua atividade desde 2014.<\/p>\n<p><img loading=\"lazy\" decoding=\"async\" class=\"alignnone size-medium wp-image-248\" src=\"http:\/\/maesdomundo.pt\/mm\/wp-content\/uploads\/2018\/07\/fotoorquidea2-300x257.jpg\" alt=\"\" width=\"300\" height=\"257\" srcset=\"https:\/\/maesdomundo.pt\/mm\/wp-content\/uploads\/2018\/07\/fotoorquidea2-300x257.jpg 300w, https:\/\/maesdomundo.pt\/mm\/wp-content\/uploads\/2018\/07\/fotoorquidea2.jpg 697w\" sizes=\"auto, (max-width: 300px) 100vw, 300px\" \/><\/p>\n<p>Orqu\u00eddea Sim\u00f5es Rolo<br \/>\nVogal do Conselho Fiscal<\/p>\n<p style=\"text-align: justify;\">Florista. Tem o 12\u00ba ano.<\/p>\n<p><img loading=\"lazy\" decoding=\"async\" class=\"alignnone size-full wp-image-187\" src=\"http:\/\/maesdomundo.pt\/mm\/wp-content\/uploads\/2018\/05\/nopicpm.jpg\" alt=\"\" width=\"195\" height=\"195\" srcset=\"https:\/\/maesdomundo.pt\/mm\/wp-content\/uploads\/2018\/05\/nopicpm.jpg 195w, https:\/\/maesdomundo.pt\/mm\/wp-content\/uploads\/2018\/05\/nopicpm-150x150.jpg 150w\" sizes=\"auto, (max-width: 195px) 100vw, 195px\" \/><br \/>\nRicardo Jorge Sim\u00f5es D\u00f3ria<br \/>\nPresidente da Mesa da Assembleia Geral<\/p>\n<p style=\"text-align: justify;\">Licenciado em Marketing e Publicidade, com p\u00f3s Gradua\u00e7\u00e3o em Marketing digital e a exercer como T\u00e9cnico de Marketing na Schmitz Cargobull Portugal .<\/p>\n<p><img loading=\"lazy\" decoding=\"async\" class=\"alignnone size-medium wp-image-260\" src=\"http:\/\/maesdomundo.pt\/mm\/wp-content\/uploads\/2018\/07\/17155432_1667732596576728_3984388226573365201_n-300x225.jpg\" alt=\"\" width=\"195\" height=\"150\" \/><br \/>\nOlga Maria Oliveira e Silva<br \/>\nSecret\u00e1rio da Mesa da Assembleia Geral<\/p>\n<p style=\"text-align: justify;\">Professora de Linguas e Literaturas Modernas desde 1986,licenciada pela Faculdade de Letras da Universidade de Coimbra, variante Portugu\u00eas-Franc\u00eas .Nasceu em Quelimane -Mocambique em 14\/3\/1959 .Presentemente lecciona na Escola Profissional de Ciencias Geograficas em Lisboa.<\/p>\n<div id='gallery-1' class='gallery galleryid-120 gallery-columns-3 gallery-size-medium'><figure class='gallery-item'>\n\t\t\t<div class='gallery-icon portrait'>\n\t\t\t\t<a href='https:\/\/maesdomundo.pt\/mm\/orgaos-sociais\/mac-removebg-preview\/'><img loading=\"lazy\" decoding=\"async\" width=\"138\" height=\"300\" src=\"https:\/\/maesdomundo.pt\/mm\/wp-content\/uploads\/2022\/10\/MAC-removebg-preview-138x300.png\" class=\"attachment-medium size-medium\" alt=\"\" srcset=\"https:\/\/maesdomundo.pt\/mm\/wp-content\/uploads\/2022\/10\/MAC-removebg-preview-138x300.png 138w, https:\/\/maesdomundo.pt\/mm\/wp-content\/uploads\/2022\/10\/MAC-removebg-preview.png 339w\" sizes=\"auto, (max-width: 138px) 100vw, 138px\" \/><\/a>\n\t\t\t<\/div><\/figure>\n\t\t<\/div>\n\n<p style=\"padding-top: 10px;\">Maria Alejandra Cambindo Cortes<br \/>\nSecret\u00e1ria convidada da Dire\u00e7\u00e3o<\/p>\n<p style=\"text-align: justify;\">Colombiana, licenciada em Ecologia em 2017, pela Fundacion Universitaria de Popayan. Apoia a ONGD M\u00e3es do Mundo desde 2020, na elabora\u00e7\u00e3o de projetos para a Guin\u00e9-Bissau na \u00e0rea da Ecologia tais como saneamento b\u00e1sico, implementa\u00e7\u00e3o de energia renov\u00e1vel e outras atividades inerentes \u00e0 prote\u00e7\u00e3o ambiental e de secretariado em regime de voluntariado.<\/p>\n<p><img loading=\"lazy\" decoding=\"async\" class=\"alignnone size-full wp-image-181\" src=\"http:\/\/maesdomundo.pt\/mm\/wp-content\/uploads\/2018\/05\/nopicp.jpg\" alt=\"\" width=\"195\" height=\"195\" srcset=\"https:\/\/maesdomundo.pt\/mm\/wp-content\/uploads\/2018\/05\/nopicp.jpg 195w, https:\/\/maesdomundo.pt\/mm\/wp-content\/uploads\/2018\/05\/nopicp-150x150.jpg 150w\" sizes=\"auto, (max-width: 195px) 100vw, 195px\" \/><br \/>\nAna Catarina Henriques Narciso<br \/>\nSecret\u00e1rio da Mesa da Assembleia Geral<\/p>\n<p style=\"text-align: justify;\">Mestrado em Fisioterapia e a exercer a sua atividade em Santar\u00e9m.<\/p>\n","protected":false},"excerpt":{"rendered":"<p>Olga Maria Rola Cardoso Presidente da Direc\u00e7\u00e3o M\u00e9dica, licenciada em 1983, pela Universidade de Coimbra, tem a categoria de Assistente Graduada de Clinica Geral . Tem o Curso de p\u00f3s-gradua\u00e7\u00e3o de Avalia\u00e7\u00e3o do Dano Corporal, realizado no Instituto de Medicina<\/p>\n","protected":false},"author":1,"featured_media":0,"parent":0,"menu_order":0,"comment_status":"closed","ping_status":"closed","template":"","meta":{"footnotes":""},"class_list":["post-120","page","type-page","status-publish","hentry"],"_links":{"self":[{"href":"https:\/\/maesdomundo.pt\/mm\/wp-json\/wp\/v2\/pages\/120","targetHints":{"allow":["GET"]}}],"collection":[{"href":"https:\/\/maesdomundo.pt\/mm\/wp-json\/wp\/v2\/pages"}],"about":[{"href":"https:\/\/maesdomundo.pt\/mm\/wp-json\/wp\/v2\/types\/page"}],"author":[{"embeddable":true,"href":"https:\/\/maesdomundo.pt\/mm\/wp-json\/wp\/v2\/users\/1"}],"replies":[{"embeddable":true,"href":"https:\/\/maesdomundo.pt\/mm\/wp-json\/wp\/v2\/comments?post=120"}],"version-history":[{"count":34,"href":"https:\/\/maesdomundo.pt\/mm\/wp-json\/wp\/v2\/pages\/120\/revisions"}],"predecessor-version":[{"id":296,"href":"https:\/\/maesdomundo.pt\/mm\/wp-json\/wp\/v2\/pages\/120\/revisions\/296"}],"wp:attachment":[{"href":"https:\/\/maesdomundo.pt\/mm\/wp-json\/wp\/v2\/media?parent=120"}],"curies":[{"name":"wp","href":"https:\/\/api.w.org\/{rel}","templated":true}]}}