{"id":220,"date":"2018-05-29T21:51:26","date_gmt":"2018-05-29T21:51:26","guid":{"rendered":"http:\/\/maesdomundo.pt\/mm\/?page_id=220"},"modified":"2018-05-29T21:51:59","modified_gmt":"2018-05-29T21:51:59","slug":"privacy-policy","status":"publish","type":"page","link":"https:\/\/maesdomundo.pt\/mm\/privacy-policy\/","title":{"rendered":"Politica de Privacidade e Cookies"},"content":{"rendered":"<p class=\"unidadeTexto\"><b>Informa\u00e7\u00f5es sobre Cookies<\/b><\/p>\n<p class=\"unidadeTexto\">Os cookies s\u00e3o pequenos ficheiros de texto que s\u00e3o descarregados no seu computador pelos websites que visita. Estes permitem reconhecer o utilizador nas visitas ao website, os seus par\u00e2metros de configura\u00e7\u00e3o, a possibilidade de estabelecer sess\u00f5es seguras e a prote\u00e7\u00e3o de dados prevenindo tentativas de acesso n\u00e3o autorizado.<\/p>\n<p class=\"unidadeTexto\">A utiliza\u00e7\u00e3o de cookies nos v\u00e1rios s\u00edtios da internet \u00e9 muito vulgar permitindo aumentar a efici\u00eancia dos mesmos, obter informa\u00e7\u00e3o an\u00f3nima de como o website \u00e9 utilizado para melhorar a experi\u00eancia de navega\u00e7\u00e3o e garantir que lhe \u00e9 mostrada informa\u00e7\u00e3o relevante.<\/p>\n<p class=\"unidadeTexto\">Neste website s\u00e3o utilizados cookies que visam assegurar o funcionamento otimizado das solu\u00e7\u00f5es online, n\u00e3o se registando a utiliza\u00e7\u00e3o de cookies para registo de informa\u00e7\u00e3o pessoal ou confidencial.<\/p>\n<p class=\"unidadeTexto\"><b>Desativa\u00e7\u00e3o de Cookies:<\/b><\/p>\n<p class=\"unidadeTexto\">A maioria dos atuais browsers permitem gerir as configura\u00e7\u00f5es relativamente aos cookies.<br \/>\n\u00c9 importante relevar que se optar por desativar os cookies no seu browser, o dispositivo em uso n\u00e3o ir\u00e1 aceitar os cookies dos websites que visite, podendo refletir-se na dificuldade de acesso em \u00e1reas seguras ou numa experi\u00eancia de navega\u00e7\u00e3o otimizada.<\/p>\n<p class=\"unidadeTexto\"><b>Recolha de Dados Pessoais:<\/b><\/p>\n<p class=\"unidadeTexto\">N\u00e3o s\u00e3o recolhidos ou tratados quaisquer dados pessoais neste website.<\/p>\n","protected":false},"excerpt":{"rendered":"<p>Informa\u00e7\u00f5es sobre Cookies Os cookies s\u00e3o pequenos ficheiros de texto que s\u00e3o descarregados no seu computador pelos websites que visita. Estes permitem reconhecer o utilizador nas visitas ao website, os seus par\u00e2metros de configura\u00e7\u00e3o, a possibilidade de estabelecer sess\u00f5es seguras<\/p>\n","protected":false},"author":1,"featured_media":0,"parent":0,"menu_order":0,"comment_status":"closed","ping_status":"closed","template":"","meta":{"footnotes":""},"class_list":["post-220","page","type-page","status-publish","hentry"],"_links":{"self":[{"href":"https:\/\/maesdomundo.pt\/mm\/wp-json\/wp\/v2\/pages\/220","targetHints":{"allow":["GET"]}}],"collection":[{"href":"https:\/\/maesdomundo.pt\/mm\/wp-json\/wp\/v2\/pages"}],"about":[{"href":"https:\/\/maesdomundo.pt\/mm\/wp-json\/wp\/v2\/types\/page"}],"author":[{"embeddable":true,"href":"https:\/\/maesdomundo.pt\/mm\/wp-json\/wp\/v2\/users\/1"}],"replies":[{"embeddable":true,"href":"https:\/\/maesdomundo.pt\/mm\/wp-json\/wp\/v2\/comments?post=220"}],"version-history":[{"count":1,"href":"https:\/\/maesdomundo.pt\/mm\/wp-json\/wp\/v2\/pages\/220\/revisions"}],"predecessor-version":[{"id":221,"href":"https:\/\/maesdomundo.pt\/mm\/wp-json\/wp\/v2\/pages\/220\/revisions\/221"}],"wp:attachment":[{"href":"https:\/\/maesdomundo.pt\/mm\/wp-json\/wp\/v2\/media?parent=220"}],"curies":[{"name":"wp","href":"https:\/\/api.w.org\/{rel}","templated":true}]}}