{"id":75,"date":"2018-03-24T23:24:14","date_gmt":"2018-03-24T23:24:14","guid":{"rendered":"http:\/\/maesdomundo.pt\/mm\/?page_id=75"},"modified":"2018-03-24T23:24:14","modified_gmt":"2018-03-24T23:24:14","slug":"dados-gerais","status":"publish","type":"page","link":"https:\/\/maesdomundo.pt\/mm\/dados-gerais\/","title":{"rendered":"Dados gerais"},"content":{"rendered":"<p>Nome:<br \/>\nM\u00e3es do Mundo-Associa\u00e7\u00e3o<\/p>\n<p>Sede:<br \/>\nRua Vale dos Po\u00e7os, n\u00ba 24-M Vais -Buarcos<br \/>\n3080-378 Figueira da Foz<\/p>\n<p>NIPC\/NIF: 510 368 557<\/p>\n<p>NISS: 25 103 685 572<\/p>\n","protected":false},"excerpt":{"rendered":"<p>Nome: M\u00e3es do Mundo-Associa\u00e7\u00e3o Sede: Rua Vale dos Po\u00e7os, n\u00ba 24-M Vais -Buarcos 3080-378 Figueira da Foz NIPC\/NIF: 510 368 557 NISS: 25 103 685 572<\/p>\n","protected":false},"author":1,"featured_media":0,"parent":0,"menu_order":0,"comment_status":"closed","ping_status":"closed","template":"","meta":{"footnotes":""},"class_list":["post-75","page","type-page","status-publish","hentry"],"_links":{"self":[{"href":"https:\/\/maesdomundo.pt\/mm\/wp-json\/wp\/v2\/pages\/75","targetHints":{"allow":["GET"]}}],"collection":[{"href":"https:\/\/maesdomundo.pt\/mm\/wp-json\/wp\/v2\/pages"}],"about":[{"href":"https:\/\/maesdomundo.pt\/mm\/wp-json\/wp\/v2\/types\/page"}],"author":[{"embeddable":true,"href":"https:\/\/maesdomundo.pt\/mm\/wp-json\/wp\/v2\/users\/1"}],"replies":[{"embeddable":true,"href":"https:\/\/maesdomundo.pt\/mm\/wp-json\/wp\/v2\/comments?post=75"}],"version-history":[{"count":1,"href":"https:\/\/maesdomundo.pt\/mm\/wp-json\/wp\/v2\/pages\/75\/revisions"}],"predecessor-version":[{"id":76,"href":"https:\/\/maesdomundo.pt\/mm\/wp-json\/wp\/v2\/pages\/75\/revisions\/76"}],"wp:attachment":[{"href":"https:\/\/maesdomundo.pt\/mm\/wp-json\/wp\/v2\/media?parent=75"}],"curies":[{"name":"wp","href":"https:\/\/api.w.org\/{rel}","templated":true}]}}