{"id":77,"date":"2018-03-24T23:29:45","date_gmt":"2018-03-24T23:29:45","guid":{"rendered":"http:\/\/maesdomundo.pt\/mm\/?page_id=77"},"modified":"2018-03-24T23:30:41","modified_gmt":"2018-03-24T23:30:41","slug":"missao","status":"publish","type":"page","link":"https:\/\/maesdomundo.pt\/mm\/missao\/","title":{"rendered":"Miss\u00e3o"},"content":{"rendered":"<p style=\"text-align: justify;\">A Associa\u00e7\u00e3o tem como fim presta\u00e7\u00e3o de auxilio humanit\u00e1rio e coopera\u00e7\u00e3o na Educa\u00e7\u00e3o em todos os pa\u00edses do Mundo onde for necess\u00e1rio; procura de meios para o desenvolvimento Social e Cultural nesses mesmos pa\u00edses; parcerias com outras Associa\u00e7\u00f5es e ONG&#8217;s, necess\u00e1rias aos objectivos referidos anteriormente.<\/p>\n<p style=\"text-align: justify;\">Sendo a nossa atua\u00e7\u00e3o essencialmente nos pa\u00edses mais pobres do mundo, neste momento estamos a apoiar na Guin\u00e9-Bissau &#8211; Sector de Bissor\u00e3.<\/p>\n","protected":false},"excerpt":{"rendered":"<p>A Associa\u00e7\u00e3o tem como fim presta\u00e7\u00e3o de auxilio humanit\u00e1rio e coopera\u00e7\u00e3o na Educa\u00e7\u00e3o em todos os pa\u00edses do Mundo onde for necess\u00e1rio; procura de meios para o desenvolvimento Social e Cultural nesses mesmos pa\u00edses; parcerias com outras Associa\u00e7\u00f5es e ONG&#8217;s,<\/p>\n","protected":false},"author":1,"featured_media":0,"parent":0,"menu_order":0,"comment_status":"closed","ping_status":"closed","template":"","meta":{"footnotes":""},"class_list":["post-77","page","type-page","status-publish","hentry"],"_links":{"self":[{"href":"https:\/\/maesdomundo.pt\/mm\/wp-json\/wp\/v2\/pages\/77","targetHints":{"allow":["GET"]}}],"collection":[{"href":"https:\/\/maesdomundo.pt\/mm\/wp-json\/wp\/v2\/pages"}],"about":[{"href":"https:\/\/maesdomundo.pt\/mm\/wp-json\/wp\/v2\/types\/page"}],"author":[{"embeddable":true,"href":"https:\/\/maesdomundo.pt\/mm\/wp-json\/wp\/v2\/users\/1"}],"replies":[{"embeddable":true,"href":"https:\/\/maesdomundo.pt\/mm\/wp-json\/wp\/v2\/comments?post=77"}],"version-history":[{"count":2,"href":"https:\/\/maesdomundo.pt\/mm\/wp-json\/wp\/v2\/pages\/77\/revisions"}],"predecessor-version":[{"id":82,"href":"https:\/\/maesdomundo.pt\/mm\/wp-json\/wp\/v2\/pages\/77\/revisions\/82"}],"wp:attachment":[{"href":"https:\/\/maesdomundo.pt\/mm\/wp-json\/wp\/v2\/media?parent=77"}],"curies":[{"name":"wp","href":"https:\/\/api.w.org\/{rel}","templated":true}]}}