{"id":83,"date":"2018-03-24T23:32:53","date_gmt":"2018-03-24T23:32:53","guid":{"rendered":"http:\/\/maesdomundo.pt\/mm\/?page_id=83"},"modified":"2018-03-26T09:21:58","modified_gmt":"2018-03-26T09:21:58","slug":"areas-de-actuacao","status":"publish","type":"page","link":"https:\/\/maesdomundo.pt\/mm\/areas-de-actuacao\/","title":{"rendered":"\u00c1reas de Actua\u00e7\u00e3o"},"content":{"rendered":"<p style=\"text-align: justify;\">1- Desenvolvimento da educa\u00e7\u00e3o construindo escolas, infant\u00e1rios, equipamos os mesmos e criamos condi\u00e7\u00f5es para apoio do Banco Alimentar Mundial \u00e0s crian\u00e7as garantindo alimenta\u00e7\u00e3o durante o ano letivo , atrav\u00e9s de constru\u00e7\u00e3o de sanemaneto b\u00e1sico e furos de \u00c0gua nessas \u00e1reas de ensino.<\/p>\n<p style=\"text-align: left;\">2- Desenvolvimento da \u00e0rea agricola especialmente nas Tabancas onde criamos condi\u00e7\u00f5es na escolaridade \u00e0s crian\u00e7as, com hortas comunit\u00e1rias com 1 po\u00e7o por cada 5000m2 de terreno, motor de rega, cerca, doamos sementes e recebemos apoio de parcerias e dos nossos alunos do curso de agricultura da escola agricola de Bula.<\/p>\n<p style=\"text-align: left;\">3- Alfabetiza\u00e7\u00e3o de adultos.<\/p>\n<p style=\"text-align: left;\">4- Capacita\u00e7ao de jovens e mulheres adultas na \u00e0rea da costura e crochet.<\/p>\n<p style=\"text-align: left;\">5- Capacita\u00e7\u00e3o de jovens na agricultura.<\/p>\n<p style=\"text-align: left;\">6- Apoio na Sa\u00fade escolar e da comunidade.<\/p>\n<p style=\"text-align: left;\">7- Forma\u00e7\u00e3o em Primeiros Socorros e informatica.<\/p>\n<p style=\"text-align: left;\">8- Promovemos melhoramentos nos acessos fomentando a cria\u00e7\u00e3o de grupo de trabalho para o desenvolvimento com a participa\u00e7\u00e3o de ONGS, Comit\u00e9 do Setor, Comit\u00e9 das Tabancas e particulares.<\/p>\n<p style=\"text-align: left;\">Contribuindo a M\u00e3es do Mundo desta forma, para o desenvolvimento das popula\u00e7\u00f5es do Terceiro Mundo, na redu\u00e7\u00e3o de taxas de morbilidade e mortalidade geral, insucesso escolar,abandono escolar, n\u00ba de repet\u00eancias, redu\u00e7\u00e3o da pobreza , Exclus\u00e3o Social, desigualdade do g\u00e9nero,melhoria da sustentabilidade e fomentando a cria\u00e7\u00e3o de acessos.<\/p>\n","protected":false},"excerpt":{"rendered":"<p>1- Desenvolvimento da educa\u00e7\u00e3o construindo escolas, infant\u00e1rios, equipamos os mesmos e criamos condi\u00e7\u00f5es para apoio do Banco Alimentar Mundial \u00e0s crian\u00e7as garantindo alimenta\u00e7\u00e3o durante o ano letivo , atrav\u00e9s de constru\u00e7\u00e3o de sanemaneto b\u00e1sico e furos de \u00c0gua nessas \u00e1reas<\/p>\n","protected":false},"author":1,"featured_media":0,"parent":0,"menu_order":0,"comment_status":"closed","ping_status":"closed","template":"","meta":{"footnotes":""},"class_list":["post-83","page","type-page","status-publish","hentry"],"_links":{"self":[{"href":"https:\/\/maesdomundo.pt\/mm\/wp-json\/wp\/v2\/pages\/83","targetHints":{"allow":["GET"]}}],"collection":[{"href":"https:\/\/maesdomundo.pt\/mm\/wp-json\/wp\/v2\/pages"}],"about":[{"href":"https:\/\/maesdomundo.pt\/mm\/wp-json\/wp\/v2\/types\/page"}],"author":[{"embeddable":true,"href":"https:\/\/maesdomundo.pt\/mm\/wp-json\/wp\/v2\/users\/1"}],"replies":[{"embeddable":true,"href":"https:\/\/maesdomundo.pt\/mm\/wp-json\/wp\/v2\/comments?post=83"}],"version-history":[{"count":5,"href":"https:\/\/maesdomundo.pt\/mm\/wp-json\/wp\/v2\/pages\/83\/revisions"}],"predecessor-version":[{"id":95,"href":"https:\/\/maesdomundo.pt\/mm\/wp-json\/wp\/v2\/pages\/83\/revisions\/95"}],"wp:attachment":[{"href":"https:\/\/maesdomundo.pt\/mm\/wp-json\/wp\/v2\/media?parent=83"}],"curies":[{"name":"wp","href":"https:\/\/api.w.org\/{rel}","templated":true}]}}